{"id":627,"date":"2021-03-11T06:30:20","date_gmt":"2021-03-11T06:30:20","guid":{"rendered":"https:\/\/ciclandocarballo.gal\/?page_id=627"},"modified":"2021-03-11T06:39:08","modified_gmt":"2021-03-11T06:39:08","slug":"politica-de-cookies","status":"publish","type":"page","link":"https:\/\/ciclandocarballo.gal\/es\/politica-de-cookies\/","title":{"rendered":"Pol\u00edtica de cookies"},"content":{"rendered":"\n<h3>Cookies utilizadas en esta p\u00e1gina web<\/h3>\n\n\n\n<p>A continuaci\u00f3n, se detallan las cookies que utilizamos en <a href=\"https:\/\/www.deindo.es\">https:\/\/ciclandocarballo.gal<\/a><\/p>\n\n\n\n<figure class=\"wp-block-table\"><table><tbody><tr><th>Nombre<\/th><th>Duraci\u00f3n<\/th><th>Objetivo<\/th><th>Dominio<\/th><\/tr><tr><td>cli_user_prefference<\/td><td>Sesis\u00f3n<\/td><td>Detectar el inicio de sesi\u00f3n del usuario respecto al aviso de cookies<\/td><td>Ciclando Carballo<\/td><\/tr><tr><td>cookielawinfo-checkbox-necessary<\/td><td>Sesi\u00f3n<\/td><td>Gesti\u00f3n de la configuraci\u00f3n de cookies<\/td><td>Ciclando Carballo<\/td><\/tr><tr><td>cookielawinfo-checkbox-non-necessary<\/td><td>Sesi\u00f3n<\/td><td>Gesti\u00f3n de la configuraci\u00f3n de cookies<\/td><td>Ciclando Carballo<\/td><\/tr><tr><td>CookieLawInfoConsent<\/td><td>Sesi\u00f3n<\/td><td>Gesti\u00f3n de la configuraci\u00f3n de cookies<\/td><td>Ciclando Carballo<\/td><\/tr><tr><td>Viewed_cookie_policy<\/td><td>Sesi\u00f3n<\/td><td>Gesti\u00f3n de la configuraci\u00f3n de cookies<\/td><td>Ciclando Carballo<br><\/td><\/tr><tr><td>wordpress_logged_in_***<\/td><td>Sesi\u00f3n<\/td><td>Gesti\u00f3n de la cuenta de WordPress<\/td><td>Ciclando Carballo<\/td><\/tr><tr><td>wordpress_sec_***<\/td><td>Sesi\u00f3n<\/td><td>Funcionamiento WordPress<\/td><td>Ciclando Carballo<\/td><\/tr><tr><td>wordpress_test_cookie<\/td><td>Sesi\u00f3n<\/td><td>Funcionamiento WordPress<\/td><td>Ciclando Carballo<\/td><\/tr><tr><td>wp-settings-1<\/td><td>Sesi\u00f3n<\/td><td>Funcionamiento WordPress<\/td><td>Ciclando Carballo<\/td><\/tr><tr><td>wp-settings-time<\/td><td>Sesi\u00f3n<\/td><td>Funcionamiento WordPress<\/td><td>Ciclando Carballo<\/td><\/tr><tr><td>wp-wpml_current_language<\/td><td>Sesi\u00f3n<\/td><td>Sistema traducciones<\/td><td>Ciclando Carballo<\/td><\/tr><tr><td>CONSENT<\/td><td>Sesi\u00f3n<\/td><td>Youtube<\/td><td>Youtube<\/td><\/tr><tr><td>VISITOR_INFO<\/td><td>Sesi\u00f3n<\/td><td>Youtube<\/td><td>Youtube<\/td><\/tr><tr><td>YSC<\/td><td>Sesi\u00f3n<\/td><td>Youtube<\/td><td>Youtube<\/td><\/tr><\/tbody><\/table><\/figure>\n\n\n\n<h3>C\u00f3mo desinstalar las cookies<\/h3>\n\n\n\n<p>Si un usuario desea desinstalar las cookies que utiliza la p\u00e1gina web www.deindo.es de su navegador, a continuaci\u00f3n, le dejamos las instrucciones para distintos navegadores:<\/p>\n\n\n\n<ul><li>Para m\u00e1s informaci\u00f3n sobre Internet Explorer pulse <a href=\"https:\/\/support.microsoft.com\/es-es\/help\/17442\/windows-internet-explorer-delete-manage-cookies\">aqu\u00ed.<\/a><\/li><li>Para m\u00e1s informaci\u00f3n sobre Microsoft Edge pulse <a href=\"https:\/\/support.microsoft.com\/es-es\/help\/4468242\/microsoft-edge-browsing-data-and-privacy-microsoft-privacy\">aqu\u00ed.<\/a><\/li><li>Para m\u00e1s informaci\u00f3n sobre Firefox pulse <a href=\"https:\/\/support.mozilla.org\/es\/kb\/Borrar%20cookies\">aqu\u00ed.<\/a><\/li><li>Para m\u00e1s informaci\u00f3n sobre Chrome pulse <a href=\"https:\/\/support.google.com\/chrome\/answer\/95647?hl=%22es%22\">aqu\u00ed.<\/a><\/li><li>Para m\u00e1s informaci\u00f3n sobre Safari pulse <a href=\"https:\/\/www.apple.com\/legal\/privacy\/es\/cookies\/\">aqu\u00ed.<\/a><\/li><\/ul>\n","protected":false},"excerpt":{"rendered":"<p>Cookies utilizadas en esta p\u00e1gina web A continuaci\u00f3n, se detallan las cookies que utilizamos en https:\/\/ciclandocarballo.gal Nombre Duraci\u00f3n Objetivo Dominio cli_user_prefference Sesis\u00f3n Detectar el inicio de sesi\u00f3n del usuario respecto al aviso de cookies Ciclando Carballo cookielawinfo-checkbox-necessary Sesi\u00f3n Gesti\u00f3n de la configuraci\u00f3n de cookies Ciclando Carballo cookielawinfo-checkbox-non-necessary Sesi\u00f3n Gesti\u00f3n de la configuraci\u00f3n de cookies Ciclando<a class=\"custom-read-more\" href=\"https:\/\/ciclandocarballo.gal\/es\/politica-de-cookies\/\">Leer m\u00e1s<\/a><\/p>\n","protected":false},"author":1,"featured_media":0,"parent":0,"menu_order":0,"comment_status":"closed","ping_status":"closed","template":"","meta":[],"_links":{"self":[{"href":"https:\/\/ciclandocarballo.gal\/es\/wp-json\/wp\/v2\/pages\/627"}],"collection":[{"href":"https:\/\/ciclandocarballo.gal\/es\/wp-json\/wp\/v2\/pages"}],"about":[{"href":"https:\/\/ciclandocarballo.gal\/es\/wp-json\/wp\/v2\/types\/page"}],"author":[{"embeddable":true,"href":"https:\/\/ciclandocarballo.gal\/es\/wp-json\/wp\/v2\/users\/1"}],"replies":[{"embeddable":true,"href":"https:\/\/ciclandocarballo.gal\/es\/wp-json\/wp\/v2\/comments?post=627"}],"version-history":[{"count":2,"href":"https:\/\/ciclandocarballo.gal\/es\/wp-json\/wp\/v2\/pages\/627\/revisions"}],"predecessor-version":[{"id":632,"href":"https:\/\/ciclandocarballo.gal\/es\/wp-json\/wp\/v2\/pages\/627\/revisions\/632"}],"wp:attachment":[{"href":"https:\/\/ciclandocarballo.gal\/es\/wp-json\/wp\/v2\/media?parent=627"}],"curies":[{"name":"wp","href":"https:\/\/api.w.org\/{rel}","templated":true}]}}