{"id":86,"date":"2020-08-19T07:43:43","date_gmt":"2020-08-19T07:43:43","guid":{"rendered":"https:\/\/ciclandocarballo.gal\/?page_id=86"},"modified":"2021-09-21T09:22:49","modified_gmt":"2021-09-21T09:22:49","slug":"pagina-ejemplo","status":"publish","type":"page","link":"https:\/\/ciclandocarballo.gal\/es\/","title":{"rendered":"Cicl-ando Carballo"},"content":{"rendered":"\n<div class=\"wp-block-nextend-smartslider3\"><\/div>\n\n\n\n<div class=\"wp-block-columns\">\n<div class=\"wp-block-column\">\n<p>\u201cCICL-ANDO Carballo\u201d \u00e9 un proxecto singular co que o Concello de Carballo quere acadar o obxectivo \u00faltimo de conseguir un cambio modal significativo na mobilidade no n\u00facleo urbano de Carballo.<\/p>\n\n\n\n<p>Este proxecto est\u00e1 conformado por un total de 9 sendas que conectar\u00e1n varios dos accesos \u00e1 vila de Carballo con zonas como Razo ou o Pol\u00edgono de B\u00e9rtoa entre outros lugares.<\/p>\n\n\n\n<p>Incl\u00fae a construci\u00f3n de 18 quil\u00f3metros de sendas e dunha rede de aparcadoiros para bicicletas que contrib\u00faan \u00e1 promoci\u00f3n da mobilidade sostible e \u00e1 reduci\u00f3n da pegada de carbono.<\/p>\n<\/div>\n\n\n\n<div class=\"wp-block-column\">\n<figure class=\"wp-block-embed-youtube wp-block-embed is-type-video is-provider-youtube wp-embed-aspect-16-9 wp-has-aspect-ratio\"><div class=\"wp-block-embed__wrapper\">\n<iframe title=\"Cicl-Ando Carballo\" width=\"580\" height=\"326\" src=\"https:\/\/www.youtube.com\/embed\/OA_AHEyMrc0?feature=oembed\" frameborder=\"0\" allow=\"accelerometer; autoplay; clipboard-write; encrypted-media; gyroscope; picture-in-picture\" allowfullscreen><\/iframe>\n<\/div><\/figure>\n<\/div>\n<\/div>\n\n\n\n<div class=\"modal-pdf-xeral\">\n    <div class=\"modal-pdf-inner\">\n        <div id=\"close-pdf-xeral\">\n            X\n        <\/div>\n        <iframe id=\"modal-pdf-iframe\" src=\"https:\/\/ciclandocarballo.gal\/wp-content\/uploads\/2020\/10\/PLANO_XERAL.pdf\" frameborder=\"0\">\n        <\/iframe>\n    <\/div>\n<\/div>\n<div class=\"modal-pdf-urbano\">\n    <div class=\"modal-pdf-inner\">\n        <div id=\"close-pdf-urbano\">\n            X\n        <\/div>\n        <iframe id=\"modal-pdf-iframe\" src=\"https:\/\/ciclandocarballo.gal\/wp-content\/uploads\/2020\/10\/PLANO_URBANO.pdf\" frameborder=\"0\">\n        <\/iframe>\n    <\/div>\n<\/div>\n<div class=\"modal-pdf-proxecto\">\n    <div class=\"modal-pdf-inner\">\n        <div id=\"close-pdf-proxecto\">\n            X\n        <\/div>\n        <iframe id=\"modal-pdf-iframe\" src=\"https:\/\/ciclandocarballo.gal\/wp-content\/uploads\/2020\/12\/Memoria_tecnica_Medida8_CICLANDO_CARBALLO_09OCT.pdf\" frameborder=\"0\">\n        <\/iframe>\n    <\/div>\n<\/div>\n\n\n\n<div class=\"wp-block-buttons botons-home\">\n<div class=\"wp-block-button is-style-fill view-plano-xeral\"><a class=\"wp-block-button__link\">Ver plano general<\/a><\/div>\n\n\n\n<div class=\"wp-block-button is-style-fill view-plano-urbano\"><a class=\"wp-block-button__link\">PLANO URBANO<\/a><\/div>\n\n\n\n<div class=\"wp-block-button is-style-fill view-plano-proxecto\"><a class=\"wp-block-button__link\">PROYECTO COMPLETO<\/a><\/div>\n<\/div>\n\n\n\n<div class=\"wp-block-columns home-banners\">\n<div class=\"wp-block-column\">\n<div class=\"wp-block-media-text alignwide is-stacked-on-mobile\"><figure class=\"wp-block-media-text__media\"><img loading=\"lazy\" width=\"1024\" height=\"1024\" src=\"https:\/\/ciclandocarballo.gal\/wp-content\/uploads\/2020\/11\/pegada_carbono-1024x1024.jpg\" alt=\"\" class=\"wp-image-200\" srcset=\"https:\/\/ciclandocarballo.gal\/wp-content\/uploads\/2020\/11\/pegada_carbono-1024x1024.jpg 1024w, https:\/\/ciclandocarballo.gal\/wp-content\/uploads\/2020\/11\/pegada_carbono-300x300.jpg 300w, https:\/\/ciclandocarballo.gal\/wp-content\/uploads\/2020\/11\/pegada_carbono-150x150.jpg 150w, https:\/\/ciclandocarballo.gal\/wp-content\/uploads\/2020\/11\/pegada_carbono-768x768.jpg 768w, https:\/\/ciclandocarballo.gal\/wp-content\/uploads\/2020\/11\/pegada_carbono-1536x1536.jpg 1536w, https:\/\/ciclandocarballo.gal\/wp-content\/uploads\/2020\/11\/pegada_carbono-1200x1200.jpg 1200w, https:\/\/ciclandocarballo.gal\/wp-content\/uploads\/2020\/11\/pegada_carbono-1980x1980.jpg 1980w, https:\/\/ciclandocarballo.gal\/wp-content\/uploads\/2020\/11\/pegada_carbono.jpg 2000w\" sizes=\"(max-width: 1024px) 100vw, 1024px\" \/><\/figure><div class=\"wp-block-media-text__content\">\n<p class=\"has-large-font-size\"><a href=\"https:\/\/ciclandocarballo.gal\/category\/pegada-de-carbono\/\">Pegada de carbono<\/a><\/p>\n<\/div><\/div>\n<\/div>\n\n\n\n<div class=\"wp-block-column\">\n<div class=\"wp-block-media-text alignwide is-stacked-on-mobile\"><figure class=\"wp-block-media-text__media\"><img loading=\"lazy\" width=\"1024\" height=\"1024\" src=\"https:\/\/ciclandocarballo.gal\/wp-content\/uploads\/2020\/11\/proyecto-1024x1024.jpg\" alt=\"\" class=\"wp-image-203\" srcset=\"https:\/\/ciclandocarballo.gal\/wp-content\/uploads\/2020\/11\/proyecto-1024x1024.jpg 1024w, https:\/\/ciclandocarballo.gal\/wp-content\/uploads\/2020\/11\/proyecto-300x300.jpg 300w, https:\/\/ciclandocarballo.gal\/wp-content\/uploads\/2020\/11\/proyecto-150x150.jpg 150w, https:\/\/ciclandocarballo.gal\/wp-content\/uploads\/2020\/11\/proyecto-768x768.jpg 768w, https:\/\/ciclandocarballo.gal\/wp-content\/uploads\/2020\/11\/proyecto-1536x1536.jpg 1536w, https:\/\/ciclandocarballo.gal\/wp-content\/uploads\/2020\/11\/proyecto-1200x1200.jpg 1200w, https:\/\/ciclandocarballo.gal\/wp-content\/uploads\/2020\/11\/proyecto-1980x1980.jpg 1980w, https:\/\/ciclandocarballo.gal\/wp-content\/uploads\/2020\/11\/proyecto.jpg 2000w\" sizes=\"(max-width: 1024px) 100vw, 1024px\" \/><\/figure><div class=\"wp-block-media-text__content\">\n<p class=\"has-large-font-size\"><a href=\"https:\/\/ciclandocarballo.gal\/o-proxecto\/\">Co\u00f1ece o proxecto<\/a><\/p>\n<\/div><\/div>\n<\/div>\n\n\n\n<div class=\"wp-block-column\">\n<div class=\"wp-block-media-text alignwide is-stacked-on-mobile\"><figure class=\"wp-block-media-text__media\"><img loading=\"lazy\" width=\"1024\" height=\"1024\" src=\"https:\/\/ciclandocarballo.gal\/wp-content\/uploads\/2020\/11\/pexels-rafael-pires-1128229-1024x1024.jpg\" alt=\"\" class=\"wp-image-205\" srcset=\"https:\/\/ciclandocarballo.gal\/wp-content\/uploads\/2020\/11\/pexels-rafael-pires-1128229-1024x1024.jpg 1024w, https:\/\/ciclandocarballo.gal\/wp-content\/uploads\/2020\/11\/pexels-rafael-pires-1128229-300x300.jpg 300w, https:\/\/ciclandocarballo.gal\/wp-content\/uploads\/2020\/11\/pexels-rafael-pires-1128229-150x150.jpg 150w, https:\/\/ciclandocarballo.gal\/wp-content\/uploads\/2020\/11\/pexels-rafael-pires-1128229-768x768.jpg 768w, https:\/\/ciclandocarballo.gal\/wp-content\/uploads\/2020\/11\/pexels-rafael-pires-1128229-1536x1536.jpg 1536w, https:\/\/ciclandocarballo.gal\/wp-content\/uploads\/2020\/11\/pexels-rafael-pires-1128229-1200x1200.jpg 1200w, https:\/\/ciclandocarballo.gal\/wp-content\/uploads\/2020\/11\/pexels-rafael-pires-1128229-1980x1980.jpg 1980w, https:\/\/ciclandocarballo.gal\/wp-content\/uploads\/2020\/11\/pexels-rafael-pires-1128229.jpg 2000w\" sizes=\"(max-width: 1024px) 100vw, 1024px\" \/><\/figure><div class=\"wp-block-media-text__content\">\n<p class=\"has-large-font-size\"><a href=\"https:\/\/ciclandocarballo.gal\/galeria\/\">O proxecto en imaxes<\/a><\/p>\n<\/div><\/div>\n<\/div>\n<\/div>\n\n\n\n<h2 class=\"has-text-align-center home-blog-title\">Novidades<\/h2>\n\n\n\n<div class=\"wp-block-group home-blog-content\"><div class=\"wp-block-group__inner-container\"><ul class=\"wp-block-latest-posts wp-block-latest-posts__list is-grid columns-3 home-blog-posts\"><li><div class=\"wp-block-latest-posts__featured-image\"><img width=\"580\" height=\"786\" src=\"https:\/\/ciclandocarballo.gal\/wp-content\/uploads\/2021\/03\/ciclando_plano_actuacions-1.png\" class=\"attachment-large size-large wp-post-image\" alt=\"\" loading=\"lazy\" style=\"\" srcset=\"https:\/\/ciclandocarballo.gal\/wp-content\/uploads\/2021\/03\/ciclando_plano_actuacions-1.png 673w, https:\/\/ciclandocarballo.gal\/wp-content\/uploads\/2021\/03\/ciclando_plano_actuacions-1-221x300.png 221w\" sizes=\"(max-width: 580px) 100vw, 580px\" \/><\/div><a href=\"https:\/\/ciclandocarballo.gal\/es\/2021\/02\/09\/un-ano-despues-de-la-consecucion-de-los-fondos-europeos-ya-estan-en-marcha-todas-las-actuaciones-del-proyecto-cicl-ando-carballo\/\">Un a\u00f1o despu\u00e9s de la consecuci\u00f3n de los fondos europeos, ya est\u00e1n en marcha todas las actuaciones del proyecto \u201c Cicl-Ando Carballo\u201d<\/a><div class=\"wp-block-latest-posts__post-excerpt\">Ya est\u00e1n adjudicadas las obras de seis de las nueve sendas previstas, y las otras tres est\u00e1n en fase de contrataci\u00f3n Hace un a\u00f1o recib\u00edamos la buena noticia de la<a class=\"custom-read-more\" href=\"https:\/\/ciclandocarballo.gal\/es\/2021\/02\/09\/un-ano-despues-de-la-consecucion-de-los-fondos-europeos-ya-estan-en-marcha-todas-las-actuaciones-del-proyecto-cicl-ando-carballo\/\">Leer m\u00e1s<\/a><\/div><\/li>\n<li><div class=\"wp-block-latest-posts__featured-image\"><img width=\"580\" height=\"333\" src=\"https:\/\/ciclandocarballo.gal\/wp-content\/uploads\/2021\/03\/32800X460.jpg\" class=\"attachment-large size-large wp-post-image\" alt=\"\" loading=\"lazy\" style=\"\" srcset=\"https:\/\/ciclandocarballo.gal\/wp-content\/uploads\/2021\/03\/32800X460.jpg 799w, https:\/\/ciclandocarballo.gal\/wp-content\/uploads\/2021\/03\/32800X460-300x172.jpg 300w, https:\/\/ciclandocarballo.gal\/wp-content\/uploads\/2021\/03\/32800X460-768x441.jpg 768w\" sizes=\"(max-width: 580px) 100vw, 580px\" \/><\/div><a href=\"https:\/\/ciclandocarballo.gal\/es\/2020\/01\/24\/o-ayuntamiento-de-carballo-consigue-el-100-de-los-fondos-europeos-solicitados-para-el-proyecto-cicl-ando-carballo\/\">El Ayuntamiento de Carballo consigue el 100% de los fondos europeos solicitados para el proyecto \u201c Cicl-Ando Carballo\u201d<\/a><div class=\"wp-block-latest-posts__post-excerpt\">Incluye la construcci\u00f3n de 18 kil\u00f3metros de sendas y de una red de aparcamientos para bicicletas que contribuyan a la promoci\u00f3n de la movilidad sostenible y a la reducci\u00f3n de<a class=\"custom-read-more\" href=\"https:\/\/ciclandocarballo.gal\/es\/2020\/01\/24\/o-ayuntamiento-de-carballo-consigue-el-100-de-los-fondos-europeos-solicitados-para-el-proyecto-cicl-ando-carballo\/\">Leer m\u00e1s<\/a><\/div><\/li>\n<\/ul><\/div><\/div>\n\n\n\n<h2 class=\"has-text-align-center agenda-title\">Axenda<\/h2>\n\n\n\n<div class=\"wp-block-columns axenda\">\n<div class=\"wp-block-column eventos-home\" style=\"flex-basis:66.66%\"><\/div>\n\n\n\n<div class=\"wp-block-column\" style=\"flex-basis:33.33%\"><div class=\"eventpost_calendar\" data-tax_name=\"\" data-tax_term=\"\" data-cat=\"\" data-date=\"2026-5\" data-mf=\"0\" data-dp=\"1\" data-title=\"0\"><table class=\"event-post-calendar-table\"><caption class=\"screen-reader-text\">A calendar of events<\/caption><thead><tr><th colspan=\"7\"><div class=\"eventpost-calendar-header\"><span class=\"eventpost-cal-year\"><button data-date=\"2025-5\" tabindex=\"0\" title=\"Switch to 2025\" class=\"eventpost_cal_bt eventpost-cal-bt-prev\"><i class=\"fas fa-chevron-left\"><\/i><\/button><span class=\"eventpost-cal-header-text\">2026<\/span><button data-date=\"2027-5\" title=\"Switch to 2027\" class=\"eventpost_cal_bt eventpost-cal-bt-next\"><i class=\"fas fa-chevron-right\"><\/i><\/button><\/span><span class=\"eventpost-cal-month\"><button data-date=\"2026-4\" title=\"Switch to abril 2026\" class=\"eventpost_cal_bt eventpost-cal-bt-prev\"><i class=\"fas fa-chevron-left\"><\/i><\/button><span class=\"eventpost-cal-header-text\">Mayo<\/span><button data-date=\"2026-6\" title=\"Switch to junio 2026\" class=\"eventpost_cal_bt eventpost-cal-bt-next\"><i class=\"fas fa-chevron-right\"><\/i><\/button> <\/span><span class=\"eventpost-cal-today\"><button data-date=\"2026-5\" class=\"eventpost_cal_bt\">Hoy<\/button><\/span><\/div><\/th><\/tr><tr class=\"event_post_cal_days\"><th scope=\"col\">D<\/th><th scope=\"col\">L<\/th><th scope=\"col\">M<\/th><th scope=\"col\">M<\/th><th scope=\"col\">J<\/th><th scope=\"col\">V<\/th><th scope=\"col\">S<\/th><\/tr><\/thead><tbody><tr><td class=\"empty_day\"><\/td><td class=\"empty_day\"><\/td><td class=\"empty_day\"><\/td><td class=\"empty_day\"><\/td><td class=\"empty_day\"><\/td><td class=\"event_post_day_over\">1<\/td><td class=\"event_post_day_over\">2<\/td><\/tr><tr><td class=\"event_post_day_over\">3<\/td><td class=\"event_post_day_over\">4<\/td><td class=\"event_post_day_over\">5<\/td><td class=\"event_post_day_over\">6<\/td><td class=\"event_post_day_over\">7<\/td><td class=\"event_post_day_over\">8<\/td><td class=\"event_post_day_over\">9<\/td><\/tr><tr><td class=\"event_post_day_over\">10<\/td><td class=\"event_post_day_over\">11<\/td><td class=\"event_post_day_over\">12<\/td><td class=\"event_post_day_over\">13<\/td><td class=\"event_post_day_over\">14<\/td><td class=\"event_post_day_over\">15<\/td><td class=\"event_post_day_over\">16<\/td><\/tr><tr><td class=\"event_post_day_now\">17<\/td><td class=\"event_post_day\">18<\/td><td class=\"event_post_day\">19<\/td><td class=\"event_post_day\">20<\/td><td class=\"event_post_day\">21<\/td><td class=\"event_post_day\">22<\/td><td class=\"event_post_day\">23<\/td><\/tr><tr><td class=\"event_post_day\">24<\/td><td class=\"event_post_day\">25<\/td><td class=\"event_post_day\">26<\/td><td class=\"event_post_day\">27<\/td><td class=\"event_post_day\">28<\/td><td class=\"event_post_day\">29<\/td><td class=\"event_post_day\">30<\/td><\/tr><tr><td class=\"event_post_day\">31<\/td><td class=\"empty_day\"><\/td><td class=\"empty_day\"><\/td><td class=\"empty_day\"><\/td><td class=\"empty_day\"><\/td><td class=\"empty_day\"><\/td><td class=\"empty_day\"><\/td><\/tr><\/tbody><\/table><\/div><\/div>\n<\/div>\n\n\n\n<div class=\"wp-block-buttons\">\n<div class=\"wp-block-button ver-axenda-completa\"><a class=\"wp-block-button__link\" href=\"https:\/\/ciclandocarballo.gal\/agenda\/\">Ver axenda completa<\/a><\/div>\n<\/div>\n","protected":false},"excerpt":{"rendered":"<p>\u201cCICL-ANDO Carballo\u201d \u00e9 un proxecto singular co que o Concello de Carballo quere acadar o obxectivo \u00faltimo de conseguir un cambio modal significativo na mobilidade no n\u00facleo urbano de Carballo. Este proxecto est\u00e1 conformado por un total de 9 sendas que conectar\u00e1n varios dos accesos \u00e1 vila de Carballo con zonas como Razo ou o<a class=\"custom-read-more\" href=\"https:\/\/ciclandocarballo.gal\/es\/\">Leer m\u00e1s<\/a><\/p>\n","protected":false},"author":1,"featured_media":0,"parent":0,"menu_order":0,"comment_status":"closed","ping_status":"open","template":"","meta":[],"_links":{"self":[{"href":"https:\/\/ciclandocarballo.gal\/es\/wp-json\/wp\/v2\/pages\/86"}],"collection":[{"href":"https:\/\/ciclandocarballo.gal\/es\/wp-json\/wp\/v2\/pages"}],"about":[{"href":"https:\/\/ciclandocarballo.gal\/es\/wp-json\/wp\/v2\/types\/page"}],"author":[{"embeddable":true,"href":"https:\/\/ciclandocarballo.gal\/es\/wp-json\/wp\/v2\/users\/1"}],"replies":[{"embeddable":true,"href":"https:\/\/ciclandocarballo.gal\/es\/wp-json\/wp\/v2\/comments?post=86"}],"version-history":[{"count":23,"href":"https:\/\/ciclandocarballo.gal\/es\/wp-json\/wp\/v2\/pages\/86\/revisions"}],"predecessor-version":[{"id":1455,"href":"https:\/\/ciclandocarballo.gal\/es\/wp-json\/wp\/v2\/pages\/86\/revisions\/1455"}],"wp:attachment":[{"href":"https:\/\/ciclandocarballo.gal\/es\/wp-json\/wp\/v2\/media?parent=86"}],"curies":[{"name":"wp","href":"https:\/\/api.w.org\/{rel}","templated":true}]}}